{"id":16,"date":"2024-01-15T15:38:48","date_gmt":"2024-01-15T14:38:48","guid":{"rendered":"http:\/\/lieblingswohnung.itholics.de\/?page_id=16"},"modified":"2024-01-15T15:47:34","modified_gmt":"2024-01-15T14:47:34","slug":"ueber-uns","status":"publish","type":"page","link":"https:\/\/lieblingswohnung.itholics.de\/?page_id=16","title":{"rendered":"\u00dcber mich"},"content":{"rendered":"\n<p>Hallo, ich bin Mary und stelle nun schon seit \u00fcber 1,5 Jahren meine charmante Wohnung in Oberstaufen \u00fcber Airbnb zur Verf\u00fcgung. Umgeben von der atemberaubenden Allg\u00e4uer Landschaft, bietet meine liebevoll eingerichtete Wohnung den perfekten R\u00fcckzugsort f\u00fcr alle, die sowohl Entspannung als auch Abenteuer suchen. Mit gem\u00fctlicher Schlafm\u00f6glichkeit, einer voll ausgestatteten K\u00fcche und einem einladenden Wohnbereich ist sie ideal f\u00fcr Alleinreisende, Paare oder kleinen Familien.<\/p>\n\n\n\n<p>In Oberstaufen erwartet Sie nicht nur meine einzigartige Ferienwohnung, sondern auch eine Vielzahl von Aktivit\u00e4ten. Ob Wandern in den malerischen Bergen, Skifahren in den nahegelegenen Skigebieten, oder das Erkunden der lokalen Gastronomie und Kultur &#8211; hier ist f\u00fcr jeden etwas dabei. Meine Wohnung befindet sich in einer ruhigen, aber dennoch zentralen Lage, sodass Sie alle Annehmlichkeiten des Ortes leicht erreichen k\u00f6nnen.<\/p>\n\n\n\n<p>Als Gastgeberin lege ich gro\u00dfen Wert darauf, dass sich meine G\u00e4ste wie zu Hause f\u00fchlen. Ich stehe Ihnen jederzeit mit Tipps und Empfehlungen zur Seite, um Ihren Aufenthalt so angenehm und unvergesslich wie m\u00f6glich zu gestalten. Buchen Sie Ihren Aufenthalt in meiner Ferienwohnung in Oberstaufen und erleben Sie einen Urlaub, der keine W\u00fcnsche offen l\u00e4sst!<\/p>\n","protected":false},"excerpt":{"rendered":"<p>Hallo, ich bin Mary und stelle nun schon seit \u00fcber 1,5 Jahren meine charmante Wohnung in Oberstaufen \u00fcber Airbnb zur Verf\u00fcgung. Umgeben [&hellip;]<\/p>\n","protected":false},"author":1,"featured_media":0,"parent":0,"menu_order":0,"comment_status":"closed","ping_status":"closed","template":"","meta":{"footnotes":""},"class_list":["post-16","page","type-page","status-publish","hentry"],"_links":{"self":[{"href":"https:\/\/lieblingswohnung.itholics.de\/index.php?rest_route=\/wp\/v2\/pages\/16","targetHints":{"allow":["GET"]}}],"collection":[{"href":"https:\/\/lieblingswohnung.itholics.de\/index.php?rest_route=\/wp\/v2\/pages"}],"about":[{"href":"https:\/\/lieblingswohnung.itholics.de\/index.php?rest_route=\/wp\/v2\/types\/page"}],"author":[{"embeddable":true,"href":"https:\/\/lieblingswohnung.itholics.de\/index.php?rest_route=\/wp\/v2\/users\/1"}],"replies":[{"embeddable":true,"href":"https:\/\/lieblingswohnung.itholics.de\/index.php?rest_route=%2Fwp%2Fv2%2Fcomments&post=16"}],"version-history":[{"count":2,"href":"https:\/\/lieblingswohnung.itholics.de\/index.php?rest_route=\/wp\/v2\/pages\/16\/revisions"}],"predecessor-version":[{"id":44,"href":"https:\/\/lieblingswohnung.itholics.de\/index.php?rest_route=\/wp\/v2\/pages\/16\/revisions\/44"}],"wp:attachment":[{"href":"https:\/\/lieblingswohnung.itholics.de\/index.php?rest_route=%2Fwp%2Fv2%2Fmedia&parent=16"}],"curies":[{"name":"wp","href":"https:\/\/api.w.org\/{rel}","templated":true}]}}